{"id":323,"date":"2025-10-28T16:16:14","date_gmt":"2025-10-28T15:16:14","guid":{"rendered":"https:\/\/industrelec-old.vcomk.fr\/legal-notices\/"},"modified":"2025-10-28T16:16:14","modified_gmt":"2025-10-28T15:16:14","slug":"legal-notices","status":"publish","type":"page","link":"https:\/\/industrelec-old.vcomk.fr\/en\/legal-notices\/","title":{"rendered":"Legal notices"},"content":{"rendered":"<p><strong>Address: Espace le P\u00e9gase, 2 Rue de la Lib\u00e9ration, 93200 Saint-Denis<\/strong><br \/>\n<strong>Email address<\/strong>: <a href=\"mailto:contact@industrelec.com\">contact@industrelec.com<\/a><br \/>\n<strong>T\u00e9l : <\/strong><a href=\"tel:330130862929\">+33 (0) 1 30 86 29 29<\/a><\/p>\n<p>The website was created by VCOMK, a communications consultancy based in Nice at 5 Avenue Santa-Fior \u2013 06100 Nice \u2013 <a href=\"www.vcomk.com\">www.vcomk.com<\/a><\/p>\n<h2>Intellectual Property<\/h2>\n<p>All elements constituting the framework of the website (photographs, images, logos, Flash\u00ae animations, modelled elements, etc.), as well as technological elements (software creations, back-office administration, services offered, etc.) are protected by copyright and are the exclusive property of their respective authors, except in the limited cases of complete or partial transfer of rights to Industrelec.<\/p>\n<p>The contents of the website (texts, articles, etc.) are the exclusive property of their authors and may not be reproduced or used without their consent. Industrelec only authorises the reproduction of extracts from its articles via the RSS feeds on its websites. In accordance with the provisions of Article L. 122-4 of the Intellectual Property Code, any reproduction of part or all of the content of the website is prohibited, regardless of its form (reproduction, interweaving, distribution, inline linking and framing techniques, etc.). Direct links to downloadable files (whatever their format) on our website are also prohibited.   <\/p>\n<p>If you wish to establish a link to our website, please contact Industrelec before doing so.<\/p>\n<p>Texts from external sources have been reproduced with the implicit or explicit consent of their respective authors. As such, the sources and respective authors are mentioned on the website. <\/p>\n<h2>Status of links and content<\/h2>\n<p>External links<br \/>\nThe links on the website (direct links, permalinks, partner links, etc.) redirect users to websites whose content is the responsibility of the publishers of those websites. Under no circumstances can Industrelec be held responsible for the content of these sites. As we attach particular importance to the legality of the content of the sites to which our links point, we kindly ask you to report any content that you consider to be illegal on the sites to which links have been established.  <\/p>\n<p>Content<br \/>\nThe content of the website published by Industrelec has been compiled with the utmost care. As such, no illegal or defamatory content is published on it. Furthermore, it does not contain anything that could be considered \u2018misleading advertising\u2019 within the meaning of Articles 121-1 et seq. of the Consumer Code.  <\/p>\n<h2>Advertisements on websites<\/h2>\n<p>Advertisements may be displayed on our websites. These may come from external sources (third-party affiliate management platforms, Google\u00ae ads, etc.) or be managed by our own advertising agency. Industrelec cannot be held responsible for the \u2018misleading or aggressive\u2019 nature of advertisements from external sources.  <\/p>\n<p>With regard to advertisements managed by Industrelec, the latter reserves the right not to broadcast advertisements that are clearly misleading within the meaning of Articles 121-1 et seq. of the Consumer Code.<\/p>\n<h2>Data Protection<\/h2>\n<p>In accordance with CNIL recommendation 2005-284, this website has not been declared as such. However, all current and future data processing relating to this website has been or will be declared to the CNIL. <\/p>\n<p>The aforementioned processing operations comply with NS48 of 7 June 2005 issued by the French Data Protection Authority (CNIL).<\/p>\n<p>In accordance with Articles 38 and 40 of Law 2004-801 of 6 August 2004, you have the right to access, rectify and delete data concerning you.<\/p>\n<p>This right may be exercised online by sending an email to contact@industrelec.com or by post to the following address:<\/p>\n<p><strong>Address: Espace le P\u00e9gase, 2 Rue de la Lib\u00e9ration, 93200 Saint-Denis<\/strong><br \/>\n<strong>Email address<\/strong>: <a href=\"mailto:contact@industrelec.com\">contact@industrelec.com<\/a><br \/>\n<strong>T\u00e9l : <\/strong><a href=\"tel:330130862929\">+33 (0) 1 30 86 29 29<\/a><\/p>\n<h2>Procedures for exercising the right of access (right that cannot be exercised on site)<\/h2>\n<p>Before sending you personal data, we will ask you to provide proof of your identity. If you are unable to prove your identity, we reserve the right to refuse to send you your personal data. <\/p>\n<p>In accordance with Decree 2007-451 of 25\/03\/2007, your request will be fulfilled within a maximum of two months, provided that it is not abusive in nature. A flat fee, which may not exceed the cost of reproducing the documents, will be charged following your request. <\/p>\n<p>Regarding the rights of rectification and erasure: the prerequisites are identical to those concerning the right of access.<\/p>\n<h2>Right of reply on the website<\/h2>\n<p>In accordance with Article 6 IV of Law No. 2004-575, any natural or legal person named or designated on our website has a right of reply, without prejudice to any requests for correction or deletion of the message that they may send to Industrelec&#8217;s head office.<\/p>\n<p>The request to exercise the right of reply, addressed to the publication director, must be submitted no later than three months after the message justifying this request has been made available to the public.<\/p>\n<h2>Contact<\/h2>\n<p>You may contact us at contact@industrelec.com IPSUM for any enquiries or to exercise your right of access. You may also reach us via our contact page. <\/p>\n","protected":false},"excerpt":{"rendered":"Address: Espace le P\u00e9gase, 2 Rue de la Lib\u00e9ration, 93200 Saint-Denis Email address: contact@industrelec.com T\u00e9l : +33 (0) 1 30 86 29 29 The website was created by VCOMK, a communications consultancy based in Nice at 5 Avenue Santa-Fior \u2013 06100 Nice \u2013 www.vcomk.com Intellectual Property All elements constituting the framework of the website (photographs,&#8230; <a class=\"view-article\" href=\"https:\/\/industrelec-old.vcomk.fr\/en\/legal-notices\/\">View Article<\/a>","protected":false},"author":1,"featured_media":0,"parent":0,"menu_order":0,"comment_status":"closed","ping_status":"closed","template":"pages-templates\/mention-legales.php","meta":{"_acf_changed":false,"footnotes":""},"class_list":["post-323","page","type-page","status-publish","hentry"],"acf":[],"_links":{"self":[{"href":"https:\/\/industrelec-old.vcomk.fr\/en\/wp-json\/wp\/v2\/pages\/323","targetHints":{"allow":["GET"]}}],"collection":[{"href":"https:\/\/industrelec-old.vcomk.fr\/en\/wp-json\/wp\/v2\/pages"}],"about":[{"href":"https:\/\/industrelec-old.vcomk.fr\/en\/wp-json\/wp\/v2\/types\/page"}],"author":[{"embeddable":true,"href":"https:\/\/industrelec-old.vcomk.fr\/en\/wp-json\/wp\/v2\/users\/1"}],"replies":[{"embeddable":true,"href":"https:\/\/industrelec-old.vcomk.fr\/en\/wp-json\/wp\/v2\/comments?post=323"}],"version-history":[{"count":0,"href":"https:\/\/industrelec-old.vcomk.fr\/en\/wp-json\/wp\/v2\/pages\/323\/revisions"}],"wp:attachment":[{"href":"https:\/\/industrelec-old.vcomk.fr\/en\/wp-json\/wp\/v2\/media?parent=323"}],"curies":[{"name":"wp","href":"https:\/\/api.w.org\/{rel}","templated":true}]}}